{"id":54,"date":"2022-03-21T15:58:08","date_gmt":"2022-03-21T14:58:08","guid":{"rendered":"http:\/\/cristallographie33.fr\/?page_id=54"},"modified":"2026-03-12T18:04:10","modified_gmt":"2026-03-12T17:04:10","slug":"adhesion","status":"publish","type":"page","link":"https:\/\/cristallographie33.fr\/index.php\/adhesion\/","title":{"rendered":"Adh\u00e9sion"},"content":{"rendered":"\t\t<div data-elementor-type=\"wp-page\" data-elementor-id=\"54\" class=\"elementor elementor-54\">\n\t\t\t\t\t\t\t\t\t<section class=\"elementor-section elementor-top-section elementor-element elementor-element-41cef9e elementor-section-boxed elementor-section-height-default elementor-section-height-default\" data-id=\"41cef9e\" data-element_type=\"section\">\n\t\t\t\t\t\t<div class=\"elementor-container elementor-column-gap-default\">\n\t\t\t\t\t<div class=\"elementor-column elementor-col-100 elementor-top-column elementor-element elementor-element-1d9e1ff\" data-id=\"1d9e1ff\" data-element_type=\"column\">\n\t\t\t<div class=\"elementor-widget-wrap elementor-element-populated\">\n\t\t\t\t\t\t\t\t<div class=\"elementor-element elementor-element-59bd481 elementor-widget elementor-widget-heading\" data-id=\"59bd481\" data-element_type=\"widget\" data-widget_type=\"heading.default\">\n\t\t\t\t<div class=\"elementor-widget-container\">\n\t\t\t<style>\/*! elementor - v3.12.0 - 29-03-2023 *\/\n.elementor-heading-title{padding:0;margin:0;line-height:1}.elementor-widget-heading .elementor-heading-title[class*=elementor-size-]>a{color:inherit;font-size:inherit;line-height:inherit}.elementor-widget-heading .elementor-heading-title.elementor-size-small{font-size:15px}.elementor-widget-heading .elementor-heading-title.elementor-size-medium{font-size:19px}.elementor-widget-heading .elementor-heading-title.elementor-size-large{font-size:29px}.elementor-widget-heading .elementor-heading-title.elementor-size-xl{font-size:39px}.elementor-widget-heading .elementor-heading-title.elementor-size-xxl{font-size:59px}<\/style><h2 class=\"elementor-heading-title elementor-size-default\">Adhesion<\/h2>\t\t<\/div>\n\t\t\t\t<\/div>\n\t\t\t\t\t<\/div>\n\t\t<\/div>\n\t\t\t\t\t\t\t<\/div>\n\t\t<\/section>\n\t\t\t\t<section class=\"elementor-section elementor-top-section elementor-element elementor-element-945563d elementor-section-boxed elementor-section-height-default elementor-section-height-default\" data-id=\"945563d\" data-element_type=\"section\">\n\t\t\t\t\t\t<div class=\"elementor-container elementor-column-gap-default\">\n\t\t\t\t\t<div class=\"elementor-column elementor-col-50 elementor-top-column elementor-element elementor-element-1036976\" data-id=\"1036976\" data-element_type=\"column\">\n\t\t\t<div class=\"elementor-widget-wrap elementor-element-populated\">\n\t\t\t\t\t\t\t\t<div class=\"elementor-element elementor-element-2dba60c elementor-widget elementor-widget-heading\" data-id=\"2dba60c\" data-element_type=\"widget\" data-widget_type=\"heading.default\">\n\t\t\t\t<div class=\"elementor-widget-container\">\n\t\t\t<h2 class=\"elementor-heading-title elementor-size-default\">Pour une adh\u00e9sion conjointe ABC\/ AFC cliquez ici \u200b-><\/h2>\t\t<\/div>\n\t\t\t\t<\/div>\n\t\t\t\t\t<\/div>\n\t\t<\/div>\n\t\t\t\t<div class=\"elementor-column elementor-col-50 elementor-top-column elementor-element elementor-element-ae612e5\" data-id=\"ae612e5\" data-element_type=\"column\">\n\t\t\t<div class=\"elementor-widget-wrap elementor-element-populated\">\n\t\t\t\t\t\t\t\t<div class=\"elementor-element elementor-element-3a1ecc8 elementor-widget elementor-widget-image\" data-id=\"3a1ecc8\" data-element_type=\"widget\" data-widget_type=\"image.default\">\n\t\t\t\t<div class=\"elementor-widget-container\">\n\t\t\t<style>\/*! elementor - v3.12.0 - 29-03-2023 *\/\n.elementor-widget-image{text-align:center}.elementor-widget-image a{display:inline-block}.elementor-widget-image a img[src$=\".svg\"]{width:48px}.elementor-widget-image img{vertical-align:middle;display:inline-block}<\/style>\t\t\t\t\t\t\t\t\t\t\t\t\t<a href=\"https:\/\/www.afc.asso.fr\/adhesion\">\n\t\t\t\t\t\t\t<img loading=\"lazy\" decoding=\"async\" width=\"172\" height=\"130\" src=\"https:\/\/cristallographie33.fr\/wp-content\/uploads\/2022\/03\/afc-1.png\" class=\"attachment-medium size-medium wp-image-253\" alt=\"\" \/>\t\t\t\t\t\t\t\t<\/a>\n\t\t\t\t\t\t\t\t\t\t\t\t\t\t\t<\/div>\n\t\t\t\t<\/div>\n\t\t\t\t\t<\/div>\n\t\t<\/div>\n\t\t\t\t\t\t\t<\/div>\n\t\t<\/section>\n\t\t\t\t<section class=\"elementor-section elementor-top-section elementor-element elementor-element-d1be1e6 elementor-section-boxed elementor-section-height-default elementor-section-height-default\" data-id=\"d1be1e6\" data-element_type=\"section\">\n\t\t\t\t\t\t<div class=\"elementor-container elementor-column-gap-default\">\n\t\t\t\t\t<div class=\"elementor-column elementor-col-100 elementor-top-column elementor-element elementor-element-e607478\" data-id=\"e607478\" data-element_type=\"column\">\n\t\t\t<div class=\"elementor-widget-wrap elementor-element-populated\">\n\t\t\t\t\t\t\t\t<div class=\"elementor-element elementor-element-625e39a elementor-widget elementor-widget-wpforms\" data-id=\"625e39a\" data-element_type=\"widget\" data-widget_type=\"wpforms.default\">\n\t\t\t\t<div class=\"elementor-widget-container\">\n\t\t\t<div class=\"wpforms-container wpforms-container-full\" id=\"wpforms-66\"><form id=\"wpforms-form-66\" class=\"wpforms-validate wpforms-form wpforms-ajax-form\" data-formid=\"66\" method=\"post\" enctype=\"multipart\/form-data\" action=\"\/index.php\/wp-json\/wp\/v2\/pages\/54\" data-token=\"b18ceaaa706d8f846cf9e8d6a8fbbae2\"><noscript class=\"wpforms-error-noscript\">Veuillez activer JavaScript dans votre navigateur pour remplir ce formulaire.<\/noscript><div class=\"wpforms-field-container\"><div id=\"wpforms-66-field_3-container\" class=\"wpforms-field wpforms-field-radio wpforms-list-inline\" data-field-id=\"3\"><label class=\"wpforms-field-label\" for=\"wpforms-66-field_3\">Civilit\u00e9 <span class=\"wpforms-required-label\">*<\/span><\/label><ul id=\"wpforms-66-field_3\" class=\"wpforms-field-required\"><li class=\"choice-1 depth-1\"><input type=\"radio\" id=\"wpforms-66-field_3_1\" name=\"wpforms[fields][3]\" value=\"Madame\" required ><label class=\"wpforms-field-label-inline\" for=\"wpforms-66-field_3_1\">Madame<\/label><\/li><li class=\"choice-2 depth-1\"><input type=\"radio\" id=\"wpforms-66-field_3_2\" name=\"wpforms[fields][3]\" value=\"Monsieur\" required ><label class=\"wpforms-field-label-inline\" for=\"wpforms-66-field_3_2\">Monsieur<\/label><\/li><\/ul><\/div><div id=\"wpforms-66-field_0-container\" class=\"wpforms-field wpforms-field-name\" data-field-id=\"0\"><label class=\"wpforms-field-label\" for=\"wpforms-66-field_0\">Identit\u00e9 (Pr\u00e9nom, Nom) \/ ID (First Name, Name) <span class=\"wpforms-required-label\">*<\/span><\/label><div class=\"wpforms-field-row wpforms-field-medium\"><div class=\"wpforms-field-row-block wpforms-first wpforms-one-half\"><input type=\"text\" id=\"wpforms-66-field_0\" class=\"wpforms-field-name-first wpforms-field-required\" name=\"wpforms[fields][0][first]\" required><label for=\"wpforms-66-field_0\" class=\"wpforms-field-sublabel after \">Pr\u00e9nom<\/label><\/div><div class=\"wpforms-field-row-block wpforms-one-half\"><input type=\"text\" id=\"wpforms-66-field_0-last\" class=\"wpforms-field-name-last wpforms-field-required\" name=\"wpforms[fields][0][last]\" required><label for=\"wpforms-66-field_0-last\" class=\"wpforms-field-sublabel after \">Nom<\/label><\/div><\/div><\/div><div id=\"wpforms-66-field_1-container\" class=\"wpforms-field wpforms-field-email\" data-field-id=\"1\"><label class=\"wpforms-field-label\" for=\"wpforms-66-field_1\">Email <span class=\"wpforms-required-label\">*<\/span><\/label><input type=\"email\" id=\"wpforms-66-field_1\" class=\"wpforms-field-medium wpforms-field-required\" name=\"wpforms[fields][1]\" spellcheck=\"false\" required><\/div><div id=\"wpforms-66-field_5-container\" class=\"wpforms-field wpforms-field-select wpforms-field-select-style-classic\" data-field-id=\"5\"><label class=\"wpforms-field-label\" for=\"wpforms-66-field_5\">Laboratoire (Menu d\u00e9roulant) <span class=\"wpforms-required-label\">*<\/span><\/label><select id=\"wpforms-66-field_5\" class=\"wpforms-field-medium wpforms-field-required\" name=\"wpforms[fields][5]\" required=\"required\"><option value=\"ARCHEOPOLE\" >ARCHEOPOLE<\/option><option value=\"ARNA\" >ARNA<\/option><option value=\"CBMN\" >CBMN<\/option><option value=\"CESAMO\" >CESAMO<\/option><option value=\"CRPP\" >CRPP<\/option><option value=\"ICMCB\" >ICMCB<\/option><option value=\"IECB\" >IECB<\/option><option value=\"IRAMAT\" >IRAMAT<\/option><option value=\"ISM\" >ISM<\/option><option value=\"LCPO\" >LCPO<\/option><option value=\"LCTS\" >LCTS<\/option><option value=\"PACEA\" >PACEA<\/option><option value=\"Autre\" >Autre<\/option><\/select><\/div><div id=\"wpforms-66-field_14-container\" class=\"wpforms-field wpforms-field-text\" data-field-id=\"14\"><label class=\"wpforms-field-label\" for=\"wpforms-66-field_14\">Nom du Laboratoire (si autre) : <\/label><input type=\"text\" id=\"wpforms-66-field_14\" class=\"wpforms-field-medium\" name=\"wpforms[fields][14]\" ><\/div><div id=\"wpforms-66-field_7-container\" class=\"wpforms-field wpforms-field-select wpforms-field-select-style-modern\" data-field-id=\"7\"><label class=\"wpforms-field-label\" for=\"wpforms-66-field_7\">Mode d&#039;adh\u00e9sion (Menu d\u00e9roulant) <span class=\"wpforms-required-label\">*<\/span><\/label><select id=\"wpforms-66-field_7\" class=\"wpforms-field-medium wpforms-field-required choicesjs-select\" data-size-class=\"wpforms-field-row wpforms-field-medium\" data-search-enabled=\"\" name=\"wpforms[fields][7]\" required=\"required\"><option value=\"\" class=\"placeholder\" disabled >Tarif plein = 15 \u20ac<\/option><option value=\"Tarif plein = 15 \u20ac\"  selected='selected'>Tarif plein = 15 \u20ac<\/option><option value=\"Tarif \u00e9tudiant = 5 \u20ac\" >Tarif \u00e9tudiant = 5 \u20ac<\/option><\/select><\/div><div id=\"wpforms-66-field_15-container\" class=\"wpforms-field wpforms-field-radio\" data-field-id=\"15\"><label class=\"wpforms-field-label\" for=\"wpforms-66-field_15\">Choix multiple<\/label><ul id=\"wpforms-66-field_15\"><li class=\"choice-1 depth-1\"><input type=\"radio\" id=\"wpforms-66-field_15_1\" name=\"wpforms[fields][15]\" value=\"par ch\u00e8que \u00e0 l&#039;orde de l&#039;Association Bordelaise de Cristallographie adress\u00e9 \u00e0 St\u00e9phane Massip, tr\u00e9sorier de l&#039;ABC, 2 rue Robert Escarpit - 33607 Pessac-France\"  ><label class=\"wpforms-field-label-inline\" for=\"wpforms-66-field_15_1\">par ch\u00e8que \u00e0 l'orde de l'Association Bordelaise de Cristallographie adress\u00e9 \u00e0 St\u00e9phane Massip, tr\u00e9sorier de l'ABC, 2 rue Robert Escarpit - 33607 Pessac-France<\/label><\/li><li class=\"choice-2 depth-1\"><input type=\"radio\" id=\"wpforms-66-field_15_2\" name=\"wpforms[fields][15]\" value=\"par virement bancaire (IBAN : FR7615589335540697620904335)\"  ><label class=\"wpforms-field-label-inline\" for=\"wpforms-66-field_15_2\">par virement bancaire (IBAN : FR7615589335540697620904335)<\/label><\/li><li class=\"choice-3 depth-1\"><input type=\"radio\" id=\"wpforms-66-field_15_3\" name=\"wpforms[fields][15]\" value=\"en esp\u00e8ces lors d&#039;une de nos activit\u00e9s\"  ><label class=\"wpforms-field-label-inline\" for=\"wpforms-66-field_15_3\">en esp\u00e8ces lors d'une de nos activit\u00e9s<\/label><\/li><\/ul><\/div><div id=\"wpforms-66-field_8-container\" class=\"wpforms-field wpforms-field-text\" data-field-id=\"8\"><label class=\"wpforms-field-label\" for=\"wpforms-66-field_8\">Remarque<\/label><input type=\"text\" id=\"wpforms-66-field_8\" class=\"wpforms-field-medium\" name=\"wpforms[fields][8]\" ><\/div><\/div><!-- .wpforms-field-container --><div class=\"wpforms-submit-container\" ><input type=\"hidden\" name=\"wpforms[id]\" value=\"66\"><input type=\"hidden\" name=\"wpforms[author]\" value=\"1\"><button type=\"submit\" name=\"wpforms[submit]\" id=\"wpforms-submit-66\" class=\"wpforms-submit\" data-alt-text=\"Envoy\u00e9\" data-submit-text=\"Envoi\" aria-live=\"assertive\" value=\"wpforms-submit\">Envoi<\/button><img loading=\"lazy\" decoding=\"async\" src=\"https:\/\/cristallographie33.fr\/wp-content\/plugins\/wpforms-lite\/assets\/images\/submit-spin.svg\" class=\"wpforms-submit-spinner\" style=\"display: none;\" width=\"26\" height=\"26\" alt=\"Chargement en cours\"><\/div><\/form><\/div>  <!-- .wpforms-container -->\t\t<\/div>\n\t\t\t\t<\/div>\n\t\t\t\t\t<\/div>\n\t\t<\/div>\n\t\t\t\t\t\t\t<\/div>\n\t\t<\/section>\n\t\t\t\t<section class=\"elementor-section elementor-top-section elementor-element elementor-element-28e05ec elementor-section-boxed elementor-section-height-default elementor-section-height-default\" data-id=\"28e05ec\" data-element_type=\"section\">\n\t\t\t\t\t\t<div class=\"elementor-container elementor-column-gap-default\">\n\t\t\t\t\t<div class=\"elementor-column elementor-col-100 elementor-top-column elementor-element elementor-element-cb8042e\" data-id=\"cb8042e\" data-element_type=\"column\">\n\t\t\t<div class=\"elementor-widget-wrap\">\n\t\t\t\t\t\t\t\t\t<\/div>\n\t\t<\/div>\n\t\t\t\t\t\t\t<\/div>\n\t\t<\/section>\n\t\t\t\t\t\t\t<\/div>\n\t\t","protected":false},"excerpt":{"rendered":"<p>Adhesion Pour une adh\u00e9sion conjointe ABC\/ AFC cliquez ici \u200b-><\/p>\n","protected":false},"author":1,"featured_media":0,"parent":0,"menu_order":0,"comment_status":"closed","ping_status":"closed","template":"","meta":{"inline_featured_image":false,"_kad_post_transparent":"","_kad_post_title":"hide","_kad_post_layout":"fullwidth","_kad_post_sidebar_id":"","_kad_post_content_style":"unboxed","_kad_post_vertical_padding":"hide","_kad_post_feature":"hide","_kad_post_feature_position":"","_kad_post_header":false,"_kad_post_footer":false,"footnotes":""},"class_list":["post-54","page","type-page","status-publish","hentry"],"yoast_head":"<!-- This site is optimized with the Yoast SEO plugin v20.4 - https:\/\/yoast.com\/wordpress\/plugins\/seo\/ -->\n<title>Adh\u00e9sion - ABC<\/title>\n<meta name=\"robots\" content=\"index, follow, max-snippet:-1, max-image-preview:large, max-video-preview:-1\" \/>\n<link rel=\"canonical\" href=\"https:\/\/cristallographie33.fr\/index.php\/adhesion\/\" \/>\n<meta property=\"og:locale\" content=\"fr_FR\" \/>\n<meta property=\"og:type\" content=\"article\" \/>\n<meta property=\"og:title\" content=\"Adh\u00e9sion - ABC\" \/>\n<meta property=\"og:description\" content=\"Adhesion Pour une adh\u00e9sion conjointe ABC\/ AFC cliquez ici \u200b-&gt;\" \/>\n<meta property=\"og:url\" content=\"https:\/\/cristallographie33.fr\/index.php\/adhesion\/\" \/>\n<meta property=\"og:site_name\" content=\"ABC\" \/>\n<meta property=\"article:modified_time\" content=\"2026-03-12T17:04:10+00:00\" \/>\n<meta property=\"og:image\" content=\"http:\/\/cristallographie33.fr\/wp-content\/uploads\/2022\/03\/afc-1.png\" \/>\n<meta name=\"twitter:card\" content=\"summary_large_image\" \/>\n<script type=\"application\/ld+json\" class=\"yoast-schema-graph\">{\"@context\":\"https:\/\/schema.org\",\"@graph\":[{\"@type\":\"WebPage\",\"@id\":\"https:\/\/cristallographie33.fr\/index.php\/adhesion\/\",\"url\":\"https:\/\/cristallographie33.fr\/index.php\/adhesion\/\",\"name\":\"Adh\u00e9sion - ABC\",\"isPartOf\":{\"@id\":\"https:\/\/cristallographie33.fr\/#website\"},\"datePublished\":\"2022-03-21T14:58:08+00:00\",\"dateModified\":\"2026-03-12T17:04:10+00:00\",\"breadcrumb\":{\"@id\":\"https:\/\/cristallographie33.fr\/index.php\/adhesion\/#breadcrumb\"},\"inLanguage\":\"fr-FR\",\"potentialAction\":[{\"@type\":\"ReadAction\",\"target\":[\"https:\/\/cristallographie33.fr\/index.php\/adhesion\/\"]}]},{\"@type\":\"BreadcrumbList\",\"@id\":\"https:\/\/cristallographie33.fr\/index.php\/adhesion\/#breadcrumb\",\"itemListElement\":[{\"@type\":\"ListItem\",\"position\":1,\"name\":\"Accueil\",\"item\":\"https:\/\/cristallographie33.fr\/\"},{\"@type\":\"ListItem\",\"position\":2,\"name\":\"Adh\u00e9sion\"}]},{\"@type\":\"WebSite\",\"@id\":\"https:\/\/cristallographie33.fr\/#website\",\"url\":\"https:\/\/cristallographie33.fr\/\",\"name\":\"ABC\",\"description\":\"\",\"publisher\":{\"@id\":\"https:\/\/cristallographie33.fr\/#organization\"},\"potentialAction\":[{\"@type\":\"SearchAction\",\"target\":{\"@type\":\"EntryPoint\",\"urlTemplate\":\"https:\/\/cristallographie33.fr\/?s={search_term_string}\"},\"query-input\":\"required name=search_term_string\"}],\"inLanguage\":\"fr-FR\"},{\"@type\":\"Organization\",\"@id\":\"https:\/\/cristallographie33.fr\/#organization\",\"name\":\"Association Bordelaise de Cristallographie\",\"url\":\"https:\/\/cristallographie33.fr\/\",\"logo\":{\"@type\":\"ImageObject\",\"inLanguage\":\"fr-FR\",\"@id\":\"https:\/\/cristallographie33.fr\/#\/schema\/logo\/image\/\",\"url\":\"http:\/\/cristallographie33.fr\/wp-content\/uploads\/2022\/03\/Logo_ABC.svg\",\"contentUrl\":\"http:\/\/cristallographie33.fr\/wp-content\/uploads\/2022\/03\/Logo_ABC.svg\",\"width\":138,\"height\":117,\"caption\":\"Association Bordelaise de Cristallographie\"},\"image\":{\"@id\":\"https:\/\/cristallographie33.fr\/#\/schema\/logo\/image\/\"}}]}<\/script>\n<!-- \/ Yoast SEO plugin. -->","yoast_head_json":{"title":"Adh\u00e9sion - ABC","robots":{"index":"index","follow":"follow","max-snippet":"max-snippet:-1","max-image-preview":"max-image-preview:large","max-video-preview":"max-video-preview:-1"},"canonical":"https:\/\/cristallographie33.fr\/index.php\/adhesion\/","og_locale":"fr_FR","og_type":"article","og_title":"Adh\u00e9sion - ABC","og_description":"Adhesion Pour une adh\u00e9sion conjointe ABC\/ AFC cliquez ici \u200b->","og_url":"https:\/\/cristallographie33.fr\/index.php\/adhesion\/","og_site_name":"ABC","article_modified_time":"2026-03-12T17:04:10+00:00","og_image":[{"url":"http:\/\/cristallographie33.fr\/wp-content\/uploads\/2022\/03\/afc-1.png"}],"twitter_card":"summary_large_image","schema":{"@context":"https:\/\/schema.org","@graph":[{"@type":"WebPage","@id":"https:\/\/cristallographie33.fr\/index.php\/adhesion\/","url":"https:\/\/cristallographie33.fr\/index.php\/adhesion\/","name":"Adh\u00e9sion - ABC","isPartOf":{"@id":"https:\/\/cristallographie33.fr\/#website"},"datePublished":"2022-03-21T14:58:08+00:00","dateModified":"2026-03-12T17:04:10+00:00","breadcrumb":{"@id":"https:\/\/cristallographie33.fr\/index.php\/adhesion\/#breadcrumb"},"inLanguage":"fr-FR","potentialAction":[{"@type":"ReadAction","target":["https:\/\/cristallographie33.fr\/index.php\/adhesion\/"]}]},{"@type":"BreadcrumbList","@id":"https:\/\/cristallographie33.fr\/index.php\/adhesion\/#breadcrumb","itemListElement":[{"@type":"ListItem","position":1,"name":"Accueil","item":"https:\/\/cristallographie33.fr\/"},{"@type":"ListItem","position":2,"name":"Adh\u00e9sion"}]},{"@type":"WebSite","@id":"https:\/\/cristallographie33.fr\/#website","url":"https:\/\/cristallographie33.fr\/","name":"ABC","description":"","publisher":{"@id":"https:\/\/cristallographie33.fr\/#organization"},"potentialAction":[{"@type":"SearchAction","target":{"@type":"EntryPoint","urlTemplate":"https:\/\/cristallographie33.fr\/?s={search_term_string}"},"query-input":"required name=search_term_string"}],"inLanguage":"fr-FR"},{"@type":"Organization","@id":"https:\/\/cristallographie33.fr\/#organization","name":"Association Bordelaise de Cristallographie","url":"https:\/\/cristallographie33.fr\/","logo":{"@type":"ImageObject","inLanguage":"fr-FR","@id":"https:\/\/cristallographie33.fr\/#\/schema\/logo\/image\/","url":"http:\/\/cristallographie33.fr\/wp-content\/uploads\/2022\/03\/Logo_ABC.svg","contentUrl":"http:\/\/cristallographie33.fr\/wp-content\/uploads\/2022\/03\/Logo_ABC.svg","width":138,"height":117,"caption":"Association Bordelaise de Cristallographie"},"image":{"@id":"https:\/\/cristallographie33.fr\/#\/schema\/logo\/image\/"}}]}},"_links":{"self":[{"href":"https:\/\/cristallographie33.fr\/index.php\/wp-json\/wp\/v2\/pages\/54","targetHints":{"allow":["GET"]}}],"collection":[{"href":"https:\/\/cristallographie33.fr\/index.php\/wp-json\/wp\/v2\/pages"}],"about":[{"href":"https:\/\/cristallographie33.fr\/index.php\/wp-json\/wp\/v2\/types\/page"}],"author":[{"embeddable":true,"href":"https:\/\/cristallographie33.fr\/index.php\/wp-json\/wp\/v2\/users\/1"}],"replies":[{"embeddable":true,"href":"https:\/\/cristallographie33.fr\/index.php\/wp-json\/wp\/v2\/comments?post=54"}],"version-history":[{"count":50,"href":"https:\/\/cristallographie33.fr\/index.php\/wp-json\/wp\/v2\/pages\/54\/revisions"}],"predecessor-version":[{"id":2152,"href":"https:\/\/cristallographie33.fr\/index.php\/wp-json\/wp\/v2\/pages\/54\/revisions\/2152"}],"wp:attachment":[{"href":"https:\/\/cristallographie33.fr\/index.php\/wp-json\/wp\/v2\/media?parent=54"}],"curies":[{"name":"wp","href":"https:\/\/api.w.org\/{rel}","templated":true}]}}