{"id":1374,"date":"2023-03-26T10:50:56","date_gmt":"2023-03-26T08:50:56","guid":{"rendered":"http:\/\/cristallographie33.fr\/?page_id=1374"},"modified":"2026-03-12T18:03:22","modified_gmt":"2026-03-12T17:03:22","slug":"documents","status":"publish","type":"page","link":"https:\/\/cristallographie33.fr\/index.php\/documents\/","title":{"rendered":"Documents"},"content":{"rendered":"\t\t<div data-elementor-type=\"wp-page\" data-elementor-id=\"1374\" class=\"elementor elementor-1374\">\n\t\t\t\t\t\t\t\t\t<section class=\"elementor-section elementor-top-section elementor-element elementor-element-cb5c6b0 elementor-section-boxed elementor-section-height-default elementor-section-height-default\" data-id=\"cb5c6b0\" data-element_type=\"section\">\n\t\t\t\t\t\t<div class=\"elementor-container elementor-column-gap-default\">\n\t\t\t\t\t<div class=\"elementor-column elementor-col-100 elementor-top-column elementor-element elementor-element-5879156\" data-id=\"5879156\" data-element_type=\"column\">\n\t\t\t<div class=\"elementor-widget-wrap elementor-element-populated\">\n\t\t\t\t\t\t\t\t<div class=\"elementor-element elementor-element-14bc8c1 elementor-widget elementor-widget-heading\" data-id=\"14bc8c1\" data-element_type=\"widget\" data-widget_type=\"heading.default\">\n\t\t\t\t<div class=\"elementor-widget-container\">\n\t\t\t<style>\/*! elementor - v3.12.0 - 29-03-2023 *\/\n.elementor-heading-title{padding:0;margin:0;line-height:1}.elementor-widget-heading .elementor-heading-title[class*=elementor-size-]>a{color:inherit;font-size:inherit;line-height:inherit}.elementor-widget-heading .elementor-heading-title.elementor-size-small{font-size:15px}.elementor-widget-heading .elementor-heading-title.elementor-size-medium{font-size:19px}.elementor-widget-heading .elementor-heading-title.elementor-size-large{font-size:29px}.elementor-widget-heading .elementor-heading-title.elementor-size-xl{font-size:39px}.elementor-widget-heading .elementor-heading-title.elementor-size-xxl{font-size:59px}<\/style><h2 class=\"elementor-heading-title elementor-size-default\">Documents<\/h2>\t\t<\/div>\n\t\t\t\t<\/div>\n\t\t\t\t\t<\/div>\n\t\t<\/div>\n\t\t\t\t\t\t\t<\/div>\n\t\t<\/section>\n\t\t\t\t<section class=\"elementor-section elementor-top-section elementor-element elementor-element-f1d3443 elementor-section-boxed elementor-section-height-default elementor-section-height-default\" data-id=\"f1d3443\" data-element_type=\"section\">\n\t\t\t\t\t\t<div class=\"elementor-container elementor-column-gap-default\">\n\t\t\t\t\t<div class=\"elementor-column elementor-col-50 elementor-top-column elementor-element elementor-element-a6fc782\" data-id=\"a6fc782\" data-element_type=\"column\">\n\t\t\t<div class=\"elementor-widget-wrap elementor-element-populated\">\n\t\t\t\t\t\t\t\t<div class=\"elementor-element elementor-element-87dbdc6 elementor-widget elementor-widget-heading\" data-id=\"87dbdc6\" data-element_type=\"widget\" data-widget_type=\"heading.default\">\n\t\t\t\t<div class=\"elementor-widget-container\">\n\t\t\t<h2 class=\"elementor-heading-title elementor-size-default\">Des Cristaux : L'art de d\u00e9finir en science.<\/h2>\t\t<\/div>\n\t\t\t\t<\/div>\n\t\t\t\t<div class=\"elementor-element elementor-element-750998e elementor-widget elementor-widget-text-editor\" data-id=\"750998e\" data-element_type=\"widget\" data-widget_type=\"text-editor.default\">\n\t\t\t\t<div class=\"elementor-widget-container\">\n\t\t\t<style>\/*! elementor - v3.12.0 - 29-03-2023 *\/\n.elementor-widget-text-editor.elementor-drop-cap-view-stacked .elementor-drop-cap{background-color:#69727d;color:#fff}.elementor-widget-text-editor.elementor-drop-cap-view-framed .elementor-drop-cap{color:#69727d;border:3px solid;background-color:transparent}.elementor-widget-text-editor:not(.elementor-drop-cap-view-default) .elementor-drop-cap{margin-top:8px}.elementor-widget-text-editor:not(.elementor-drop-cap-view-default) .elementor-drop-cap-letter{width:1em;height:1em}.elementor-widget-text-editor .elementor-drop-cap{float:left;text-align:center;line-height:1;font-size:50px}.elementor-widget-text-editor .elementor-drop-cap-letter{display:inline-block}<\/style>\t\t\t\t<p>Un lexique de cristallographie \u00e0 destination des enseignants de Lyc\u00e9e&#8230;Et \u00e0 tous ceux qui sont int\u00e9ress\u00e9s !<\/p><p><strong>\u2193 Cliquez sur l&rsquo;image pour le t\u00e9l\u00e9charger \u2193<\/strong><\/p>\t\t\t\t\t\t<\/div>\n\t\t\t\t<\/div>\n\t\t\t\t\t<\/div>\n\t\t<\/div>\n\t\t\t\t<div class=\"elementor-column elementor-col-50 elementor-top-column elementor-element elementor-element-98a1bb8\" data-id=\"98a1bb8\" data-element_type=\"column\">\n\t\t\t<div class=\"elementor-widget-wrap elementor-element-populated\">\n\t\t\t\t\t\t\t\t<div class=\"elementor-element elementor-element-650ad40 elementor-widget elementor-widget-heading\" data-id=\"650ad40\" data-element_type=\"widget\" data-widget_type=\"heading.default\">\n\t\t\t\t<div class=\"elementor-widget-container\">\n\t\t\t<h2 class=\"elementor-heading-title elementor-size-default\">Introduction \u00e0 la pratique de la diffraction des rayons X par les poudres.<\/h2>\t\t<\/div>\n\t\t\t\t<\/div>\n\t\t\t\t<div class=\"elementor-element elementor-element-84e4dfa elementor-widget elementor-widget-text-editor\" data-id=\"84e4dfa\" data-element_type=\"widget\" data-widget_type=\"text-editor.default\">\n\t\t\t\t<div class=\"elementor-widget-container\">\n\t\t\t\t\t\t\t<p><strong><br><\/strong><\/p><p><strong>\u2193 Cliquez sur l&rsquo;image pour le t\u00e9l\u00e9charger \u2193<\/strong><\/p>\t\t\t\t\t\t<\/div>\n\t\t\t\t<\/div>\n\t\t\t\t\t<\/div>\n\t\t<\/div>\n\t\t\t\t\t\t\t<\/div>\n\t\t<\/section>\n\t\t\t\t<section class=\"elementor-section elementor-top-section elementor-element elementor-element-aa744ee elementor-section-boxed elementor-section-height-default elementor-section-height-default\" data-id=\"aa744ee\" data-element_type=\"section\">\n\t\t\t\t\t\t<div class=\"elementor-container elementor-column-gap-default\">\n\t\t\t\t\t<div class=\"elementor-column elementor-col-50 elementor-top-column elementor-element elementor-element-3cb6a07\" data-id=\"3cb6a07\" data-element_type=\"column\">\n\t\t\t<div class=\"elementor-widget-wrap elementor-element-populated\">\n\t\t\t\t\t\t\t\t<div class=\"elementor-element elementor-element-ce03e7d elementor-widget elementor-widget-image\" data-id=\"ce03e7d\" data-element_type=\"widget\" data-widget_type=\"image.default\">\n\t\t\t\t<div class=\"elementor-widget-container\">\n\t\t\t<style>\/*! elementor - v3.12.0 - 29-03-2023 *\/\n.elementor-widget-image{text-align:center}.elementor-widget-image a{display:inline-block}.elementor-widget-image a img[src$=\".svg\"]{width:48px}.elementor-widget-image img{vertical-align:middle;display:inline-block}<\/style>\t\t\t\t\t\t\t\t\t\t\t\t\t<a href=\"http:\/\/cristallographie33.fr\/wp-content\/uploads\/2023\/03\/CRISTALLOGRAPHIE-lexique-2020-version-pour-impression-livret.docx.pdf\">\n\t\t\t\t\t\t\t<img decoding=\"async\" src=\"https:\/\/cristallographie33.fr\/wp-content\/uploads\/2023\/03\/CRISTALLOGRAPHIE-lexique-2020-1page-1.png\" title=\"CRISTALLOGRAPHIE lexique 2020-1page\" alt=\"CRISTALLOGRAPHIE lexique 2020-1page\" loading=\"lazy\" \/>\t\t\t\t\t\t\t\t<\/a>\n\t\t\t\t\t\t\t\t\t\t\t\t\t\t\t<\/div>\n\t\t\t\t<\/div>\n\t\t\t\t\t<\/div>\n\t\t<\/div>\n\t\t\t\t<div class=\"elementor-column elementor-col-50 elementor-top-column elementor-element elementor-element-2a3217f\" data-id=\"2a3217f\" data-element_type=\"column\">\n\t\t\t<div class=\"elementor-widget-wrap elementor-element-populated\">\n\t\t\t\t\t\t\t\t<div class=\"elementor-element elementor-element-b54bee1 elementor-widget elementor-widget-image\" data-id=\"b54bee1\" data-element_type=\"widget\" data-widget_type=\"image.default\">\n\t\t\t\t<div class=\"elementor-widget-container\">\n\t\t\t\t\t\t\t\t\t\t\t\t\t\t\t\t<a href=\"http:\/\/cristallographie33.fr\/wp-content\/uploads\/2024\/03\/livre-gravereau2012.pdf\">\n\t\t\t\t\t\t\t<img loading=\"lazy\" decoding=\"async\" width=\"710\" height=\"1024\" src=\"https:\/\/cristallographie33.fr\/wp-content\/uploads\/2024\/03\/1erePage-Gravereau-1-710x1024.png\" class=\"attachment-large size-large wp-image-1469\" alt=\"\" srcset=\"https:\/\/cristallographie33.fr\/wp-content\/uploads\/2024\/03\/1erePage-Gravereau-1-710x1024.png 710w, https:\/\/cristallographie33.fr\/wp-content\/uploads\/2024\/03\/1erePage-Gravereau-1-208x300.png 208w, https:\/\/cristallographie33.fr\/wp-content\/uploads\/2024\/03\/1erePage-Gravereau-1-768x1107.png 768w, https:\/\/cristallographie33.fr\/wp-content\/uploads\/2024\/03\/1erePage-Gravereau-1-1066x1536.png 1066w, https:\/\/cristallographie33.fr\/wp-content\/uploads\/2024\/03\/1erePage-Gravereau-1.png 1217w\" sizes=\"auto, (max-width: 710px) 100vw, 710px\" \/>\t\t\t\t\t\t\t\t<\/a>\n\t\t\t\t\t\t\t\t\t\t\t\t\t\t\t<\/div>\n\t\t\t\t<\/div>\n\t\t\t\t\t<\/div>\n\t\t<\/div>\n\t\t\t\t\t\t\t<\/div>\n\t\t<\/section>\n\t\t\t\t\t\t\t<\/div>\n\t\t","protected":false},"excerpt":{"rendered":"<p>Documents Des Cristaux : L&rsquo;art de d\u00e9finir en science. Un lexique de cristallographie \u00e0 destination des enseignants de Lyc\u00e9e&#8230;Et \u00e0 tous ceux qui sont int\u00e9ress\u00e9s ! \u2193 Cliquez sur l&rsquo;image pour le t\u00e9l\u00e9charger \u2193 Introduction \u00e0 la pratique de la diffraction des rayons X par les poudres. \u2193 Cliquez sur l&rsquo;image pour le t\u00e9l\u00e9charger \u2193<\/p>\n","protected":false},"author":1,"featured_media":0,"parent":0,"menu_order":0,"comment_status":"closed","ping_status":"closed","template":"","meta":{"inline_featured_image":false,"_kad_post_transparent":"","_kad_post_title":"hide","_kad_post_layout":"fullwidth","_kad_post_sidebar_id":"","_kad_post_content_style":"unboxed","_kad_post_vertical_padding":"hide","_kad_post_feature":"hide","_kad_post_feature_position":"","_kad_post_header":false,"_kad_post_footer":false,"footnotes":""},"class_list":["post-1374","page","type-page","status-publish","hentry"],"yoast_head":"<!-- This site is optimized with the Yoast SEO plugin v20.4 - https:\/\/yoast.com\/wordpress\/plugins\/seo\/ -->\n<title>Documents - ABC<\/title>\n<meta name=\"robots\" content=\"index, follow, max-snippet:-1, max-image-preview:large, max-video-preview:-1\" \/>\n<link rel=\"canonical\" href=\"https:\/\/cristallographie33.fr\/index.php\/documents\/\" \/>\n<meta property=\"og:locale\" content=\"fr_FR\" \/>\n<meta property=\"og:type\" content=\"article\" \/>\n<meta property=\"og:title\" content=\"Documents - ABC\" \/>\n<meta property=\"og:description\" content=\"Documents Des Cristaux : L&rsquo;art de d\u00e9finir en science. Un lexique de cristallographie \u00e0 destination des enseignants de Lyc\u00e9e&#8230;Et \u00e0 tous ceux qui sont int\u00e9ress\u00e9s ! \u2193 Cliquez sur l&rsquo;image pour le t\u00e9l\u00e9charger \u2193 Introduction \u00e0 la pratique de la diffraction des rayons X par les poudres. \u2193 Cliquez sur l&rsquo;image pour le t\u00e9l\u00e9charger \u2193\" \/>\n<meta property=\"og:url\" content=\"https:\/\/cristallographie33.fr\/index.php\/documents\/\" \/>\n<meta property=\"og:site_name\" content=\"ABC\" \/>\n<meta property=\"article:modified_time\" content=\"2026-03-12T17:03:22+00:00\" \/>\n<meta property=\"og:image\" content=\"http:\/\/cristallographie33.fr\/wp-content\/uploads\/2023\/03\/CRISTALLOGRAPHIE-lexique-2020-1page-1.png\" \/>\n<meta name=\"twitter:card\" content=\"summary_large_image\" \/>\n<meta name=\"twitter:label1\" content=\"Dur\u00e9e de lecture estim\u00e9e\" \/>\n\t<meta name=\"twitter:data1\" content=\"1 minute\" \/>\n<script type=\"application\/ld+json\" class=\"yoast-schema-graph\">{\"@context\":\"https:\/\/schema.org\",\"@graph\":[{\"@type\":\"WebPage\",\"@id\":\"https:\/\/cristallographie33.fr\/index.php\/documents\/\",\"url\":\"https:\/\/cristallographie33.fr\/index.php\/documents\/\",\"name\":\"Documents - ABC\",\"isPartOf\":{\"@id\":\"https:\/\/cristallographie33.fr\/#website\"},\"datePublished\":\"2023-03-26T08:50:56+00:00\",\"dateModified\":\"2026-03-12T17:03:22+00:00\",\"breadcrumb\":{\"@id\":\"https:\/\/cristallographie33.fr\/index.php\/documents\/#breadcrumb\"},\"inLanguage\":\"fr-FR\",\"potentialAction\":[{\"@type\":\"ReadAction\",\"target\":[\"https:\/\/cristallographie33.fr\/index.php\/documents\/\"]}]},{\"@type\":\"BreadcrumbList\",\"@id\":\"https:\/\/cristallographie33.fr\/index.php\/documents\/#breadcrumb\",\"itemListElement\":[{\"@type\":\"ListItem\",\"position\":1,\"name\":\"Accueil\",\"item\":\"https:\/\/cristallographie33.fr\/\"},{\"@type\":\"ListItem\",\"position\":2,\"name\":\"Documents\"}]},{\"@type\":\"WebSite\",\"@id\":\"https:\/\/cristallographie33.fr\/#website\",\"url\":\"https:\/\/cristallographie33.fr\/\",\"name\":\"ABC\",\"description\":\"\",\"publisher\":{\"@id\":\"https:\/\/cristallographie33.fr\/#organization\"},\"potentialAction\":[{\"@type\":\"SearchAction\",\"target\":{\"@type\":\"EntryPoint\",\"urlTemplate\":\"https:\/\/cristallographie33.fr\/?s={search_term_string}\"},\"query-input\":\"required name=search_term_string\"}],\"inLanguage\":\"fr-FR\"},{\"@type\":\"Organization\",\"@id\":\"https:\/\/cristallographie33.fr\/#organization\",\"name\":\"Association Bordelaise de Cristallographie\",\"url\":\"https:\/\/cristallographie33.fr\/\",\"logo\":{\"@type\":\"ImageObject\",\"inLanguage\":\"fr-FR\",\"@id\":\"https:\/\/cristallographie33.fr\/#\/schema\/logo\/image\/\",\"url\":\"http:\/\/cristallographie33.fr\/wp-content\/uploads\/2022\/03\/Logo_ABC.svg\",\"contentUrl\":\"http:\/\/cristallographie33.fr\/wp-content\/uploads\/2022\/03\/Logo_ABC.svg\",\"width\":138,\"height\":117,\"caption\":\"Association Bordelaise de Cristallographie\"},\"image\":{\"@id\":\"https:\/\/cristallographie33.fr\/#\/schema\/logo\/image\/\"}}]}<\/script>\n<!-- \/ Yoast SEO plugin. -->","yoast_head_json":{"title":"Documents - ABC","robots":{"index":"index","follow":"follow","max-snippet":"max-snippet:-1","max-image-preview":"max-image-preview:large","max-video-preview":"max-video-preview:-1"},"canonical":"https:\/\/cristallographie33.fr\/index.php\/documents\/","og_locale":"fr_FR","og_type":"article","og_title":"Documents - ABC","og_description":"Documents Des Cristaux : L&rsquo;art de d\u00e9finir en science. Un lexique de cristallographie \u00e0 destination des enseignants de Lyc\u00e9e&#8230;Et \u00e0 tous ceux qui sont int\u00e9ress\u00e9s ! \u2193 Cliquez sur l&rsquo;image pour le t\u00e9l\u00e9charger \u2193 Introduction \u00e0 la pratique de la diffraction des rayons X par les poudres. \u2193 Cliquez sur l&rsquo;image pour le t\u00e9l\u00e9charger \u2193","og_url":"https:\/\/cristallographie33.fr\/index.php\/documents\/","og_site_name":"ABC","article_modified_time":"2026-03-12T17:03:22+00:00","og_image":[{"url":"http:\/\/cristallographie33.fr\/wp-content\/uploads\/2023\/03\/CRISTALLOGRAPHIE-lexique-2020-1page-1.png"}],"twitter_card":"summary_large_image","twitter_misc":{"Dur\u00e9e de lecture estim\u00e9e":"1 minute"},"schema":{"@context":"https:\/\/schema.org","@graph":[{"@type":"WebPage","@id":"https:\/\/cristallographie33.fr\/index.php\/documents\/","url":"https:\/\/cristallographie33.fr\/index.php\/documents\/","name":"Documents - ABC","isPartOf":{"@id":"https:\/\/cristallographie33.fr\/#website"},"datePublished":"2023-03-26T08:50:56+00:00","dateModified":"2026-03-12T17:03:22+00:00","breadcrumb":{"@id":"https:\/\/cristallographie33.fr\/index.php\/documents\/#breadcrumb"},"inLanguage":"fr-FR","potentialAction":[{"@type":"ReadAction","target":["https:\/\/cristallographie33.fr\/index.php\/documents\/"]}]},{"@type":"BreadcrumbList","@id":"https:\/\/cristallographie33.fr\/index.php\/documents\/#breadcrumb","itemListElement":[{"@type":"ListItem","position":1,"name":"Accueil","item":"https:\/\/cristallographie33.fr\/"},{"@type":"ListItem","position":2,"name":"Documents"}]},{"@type":"WebSite","@id":"https:\/\/cristallographie33.fr\/#website","url":"https:\/\/cristallographie33.fr\/","name":"ABC","description":"","publisher":{"@id":"https:\/\/cristallographie33.fr\/#organization"},"potentialAction":[{"@type":"SearchAction","target":{"@type":"EntryPoint","urlTemplate":"https:\/\/cristallographie33.fr\/?s={search_term_string}"},"query-input":"required name=search_term_string"}],"inLanguage":"fr-FR"},{"@type":"Organization","@id":"https:\/\/cristallographie33.fr\/#organization","name":"Association Bordelaise de Cristallographie","url":"https:\/\/cristallographie33.fr\/","logo":{"@type":"ImageObject","inLanguage":"fr-FR","@id":"https:\/\/cristallographie33.fr\/#\/schema\/logo\/image\/","url":"http:\/\/cristallographie33.fr\/wp-content\/uploads\/2022\/03\/Logo_ABC.svg","contentUrl":"http:\/\/cristallographie33.fr\/wp-content\/uploads\/2022\/03\/Logo_ABC.svg","width":138,"height":117,"caption":"Association Bordelaise de Cristallographie"},"image":{"@id":"https:\/\/cristallographie33.fr\/#\/schema\/logo\/image\/"}}]}},"_links":{"self":[{"href":"https:\/\/cristallographie33.fr\/index.php\/wp-json\/wp\/v2\/pages\/1374","targetHints":{"allow":["GET"]}}],"collection":[{"href":"https:\/\/cristallographie33.fr\/index.php\/wp-json\/wp\/v2\/pages"}],"about":[{"href":"https:\/\/cristallographie33.fr\/index.php\/wp-json\/wp\/v2\/types\/page"}],"author":[{"embeddable":true,"href":"https:\/\/cristallographie33.fr\/index.php\/wp-json\/wp\/v2\/users\/1"}],"replies":[{"embeddable":true,"href":"https:\/\/cristallographie33.fr\/index.php\/wp-json\/wp\/v2\/comments?post=1374"}],"version-history":[{"count":35,"href":"https:\/\/cristallographie33.fr\/index.php\/wp-json\/wp\/v2\/pages\/1374\/revisions"}],"predecessor-version":[{"id":2149,"href":"https:\/\/cristallographie33.fr\/index.php\/wp-json\/wp\/v2\/pages\/1374\/revisions\/2149"}],"wp:attachment":[{"href":"https:\/\/cristallographie33.fr\/index.php\/wp-json\/wp\/v2\/media?parent=1374"}],"curies":[{"name":"wp","href":"https:\/\/api.w.org\/{rel}","templated":true}]}}